{"id":176,"date":"2021-02-02T19:54:51","date_gmt":"2021-02-02T17:54:51","guid":{"rendered":"http:\/\/revisa.cat\/es\/catering-2\/"},"modified":"2021-02-02T20:38:15","modified_gmt":"2021-02-02T18:38:15","slug":"catering","status":"publish","type":"page","link":"https:\/\/revisa.cat\/es\/catering\/","title":{"rendered":"Catering"},"content":{"rendered":"<ul>\n<li class=\"p1\"><span style=\"vertical-align: inherit;\"><span style=\"vertical-align: inherit;\">Todos nuestros men\u00fas est\u00e1n elaborados con productos frescos y de proximidad<\/span><\/span><\/li>\n<li class=\"p1\"><span style=\"vertical-align: inherit;\"><span style=\"vertical-align: inherit;\">En el precio est\u00e1 incluido el mantel, la vajilla y el montaje y desmontaje pero no el servicio de camarero<\/span><\/span><\/li>\n<li class=\"p1\"><span style=\"vertical-align: inherit;\"><span style=\"vertical-align: inherit;\">Coste hora camarero 10 \u20ac \/ hora<\/span><\/span><\/li>\n<\/ul>\n","protected":false},"excerpt":{"rendered":"<p>Todos nuestros men\u00fas est\u00e1n elaborados con productos frescos y de proximidad En el precio est\u00e1 incluido el mantel, la vajilla y el montaje y desmontaje pero no el servicio de camarero Coste hora camarero 10 \u20ac \/ hora<\/p>\n","protected":false},"author":1,"featured_media":0,"parent":0,"menu_order":6,"comment_status":"closed","ping_status":"closed","template":"catering.php","meta":[],"_links":{"self":[{"href":"https:\/\/revisa.cat\/es\/wp-json\/wp\/v2\/pages\/176"}],"collection":[{"href":"https:\/\/revisa.cat\/es\/wp-json\/wp\/v2\/pages"}],"about":[{"href":"https:\/\/revisa.cat\/es\/wp-json\/wp\/v2\/types\/page"}],"author":[{"embeddable":true,"href":"https:\/\/revisa.cat\/es\/wp-json\/wp\/v2\/users\/1"}],"replies":[{"embeddable":true,"href":"https:\/\/revisa.cat\/es\/wp-json\/wp\/v2\/comments?post=176"}],"version-history":[{"count":4,"href":"https:\/\/revisa.cat\/es\/wp-json\/wp\/v2\/pages\/176\/revisions"}],"predecessor-version":[{"id":186,"href":"https:\/\/revisa.cat\/es\/wp-json\/wp\/v2\/pages\/176\/revisions\/186"}],"wp:attachment":[{"href":"https:\/\/revisa.cat\/es\/wp-json\/wp\/v2\/media?parent=176"}],"curies":[{"name":"wp","href":"https:\/\/api.w.org\/{rel}","templated":true}]}}